{"id":11474,"date":"2019-05-03T13:12:10","date_gmt":"2019-05-03T13:12:10","guid":{"rendered":"https:\/\/ceatso.com\/?page_id=11571"},"modified":"2019-05-21T12:34:39","modified_gmt":"2019-05-21T12:34:39","slug":"actualizacionpresencial","status":"publish","type":"page","link":"https:\/\/ceatso.com\/es\/actualizacionpresencial\/","title":{"rendered":"Actualizaci\u00f3n Presencial"},"content":{"rendered":"<div data-vc-full-width=\"true\" data-vc-full-width-init=\"false\" data-vc-stretch-content=\"true\" class=\"vc_row wpb_row vc_row-fluid vc_custom_1557090062723 vc_row-has-fill vc_row-no-padding\"><div class=\"wpb_column vc_column_container vc_col-sm-12\"><div class=\"vc_column-inner\"><div class=\"wpb_wrapper\"><div class=\"vc_empty_space\"   style=\"height: 60px\"><span class=\"vc_empty_space_inner\"><\/span><\/div><div class=\"vc_empty_space\"   style=\"height: 60px\"><span class=\"vc_empty_space_inner\"><\/span><\/div><div class=\"vc_empty_space\"   style=\"height: 60px\"><span class=\"vc_empty_space_inner\"><\/span><\/div><div class=\"vc-extral_class wpb_animate_when_almost_visible wpb_left-to-right left-to-right\"><div class=\"thim-widget-heading template-base\"><div class=\"sc_heading  text-center\"><h2 style=\"text-transform: uppercase;color:#ffffff;\" class=\"title\">Actualizaci\u00f3n Presencial<\/h2><\/div><\/div><\/div><div class=\"vc_empty_space\"   style=\"height: 60px\"><span class=\"vc_empty_space_inner\"><\/span><\/div><div class=\"vc_empty_space\"   style=\"height: 60px\"><span class=\"vc_empty_space_inner\"><\/span><\/div><\/div><\/div><\/div><\/div><div class=\"vc_row-full-width vc_clearfix\"><\/div><div data-vc-full-width=\"true\" data-vc-full-width-init=\"false\" data-vc-stretch-content=\"true\" class=\"vc_row wpb_row vc_row-fluid vc_custom_1557089078917\"><div class=\"wpb_column vc_column_container vc_col-sm-6\"><div class=\"vc_column-inner\"><div class=\"wpb_wrapper\"><div class=\"vc_empty_space\"   style=\"height: 30px\"><span class=\"vc_empty_space_inner\"><\/span><\/div>\n\t<div class=\"wpb_text_column wpb_content_element\" >\n\t\t<div class=\"wpb_wrapper\">\n\t\t\t<p style=\"text-align: justify;\">El programa de Actualizaci\u00f3n en Trabajo Social se caracteriza por ser un espacio de reflexi\u00f3n y profundizaci\u00f3n de los diversos contenidos metodol\u00f3gicos abordados en t\u00fa formaci\u00f3n curricular con el fin de potenciar tus competencias y habilidades profesionales en los \u00e1mbitos te\u00f3ricos y pr\u00e1cticos de la Intervenci\u00f3n Social.<\/p>\n<p style=\"text-align: justify;\"><span style=\"color: #5e78fa;\"><em><strong>Estaremos organizando un conjunto de actividades que den cuenta de \u00e9stos desaf\u00edos: Cursos, Diplomados, Especializaciones, Menciones, entre otras iniciativas que potencien este espacio.<\/strong><\/em><\/span><\/p>\n\n\t\t<\/div>\n\t<\/div>\n<\/div><\/div><\/div><div class=\"wpb_column vc_column_container vc_col-sm-6\"><div class=\"vc_column-inner\"><div class=\"wpb_wrapper\">\n\t<div class=\"wpb_text_column wpb_content_element\" >\n\t\t<div class=\"wpb_wrapper\">\n\t\t\t<div style=\"width: 640px;\" class=\"wp-video\"><!--[if lt IE 9]><script>document.createElement('video');<\/script><![endif]-->\n<video class=\"wp-video-shortcode\" id=\"video-11474-1\" width=\"640\" height=\"360\" preload=\"metadata\" controls=\"controls\"><source type=\"video\/youtube\" src=\"https:\/\/www.youtube.com\/watch?v=_hzunmyqPWc&#038;_=1\" \/><a href=\"https:\/\/www.youtube.com\/watch?v=_hzunmyqPWc\">https:\/\/www.youtube.com\/watch?v=_hzunmyqPWc<\/a><\/video><\/div>\n\n\t\t<\/div>\n\t<\/div>\n<\/div><\/div><\/div><\/div><div class=\"vc_row-full-width vc_clearfix\"><\/div><div class=\"vc_row wpb_row vc_row-fluid\"><div class=\"wpb_column vc_column_container vc_col-sm-6\"><div class=\"vc_column-inner\"><div class=\"wpb_wrapper\"><div class=\"vc_empty_space\"   style=\"height: 60px\"><span class=\"vc_empty_space_inner\"><\/span><\/div><div class=\"wpb_images_carousel wpb_content_element vc_clearfix\"><div class=\"wpb_wrapper\"><div id=\"vc_images-carousel-1-1777563850\" data-ride=\"vc_carousel\" data-wrap=\"false\" style=\"width: 575px;\" data-interval=\"0\" data-auto-height=\"yes\" data-mode=\"horizontal\" data-partial=\"false\" data-per-view=\"1\" data-hide-on-end=\"true\" class=\"vc_slide vc_images_carousel\"><ol class=\"vc_carousel-indicators\"><li data-target=\"#vc_images-carousel-1-1777563850\" data-slide-to=\"0\"><\/li><li data-target=\"#vc_images-carousel-1-1777563850\" data-slide-to=\"1\"><\/li><li data-target=\"#vc_images-carousel-1-1777563850\" data-slide-to=\"2\"><\/li><li data-target=\"#vc_images-carousel-1-1777563850\" data-slide-to=\"3\"><\/li><li data-target=\"#vc_images-carousel-1-1777563850\" data-slide-to=\"4\"><\/li><li data-target=\"#vc_images-carousel-1-1777563850\" data-slide-to=\"5\"><\/li><li data-target=\"#vc_images-carousel-1-1777563850\" data-slide-to=\"6\"><\/li><\/ol><div class=\"vc_carousel-inner\"><div class=\"vc_carousel-slideline\"><div class=\"vc_carousel-slideline-inner\"><div class=\"vc_item\"><div class=\"vc_inner\"><a class=\"\" href=\"https:\/\/ceatso.com\/wp-content\/uploads\/2019\/05\/presenciales-7.jpg\" data-lightbox=\"lightbox[rel-11474-3646979375]\"><img loading=\"lazy\" decoding=\"async\" class=\"\" src=\"https:\/\/ceatso.com\/wp-content\/uploads\/2019\/05\/presenciales-7-575x344.jpg\" width=\"575\" height=\"344\" alt=\"presenciales (7)\" title=\"presenciales (7)\" \/><\/a><\/div><\/div><div class=\"vc_item\"><div class=\"vc_inner\"><a class=\"\" href=\"https:\/\/ceatso.com\/wp-content\/uploads\/2019\/05\/presenciales-6.jpg\" data-lightbox=\"lightbox[rel-11474-3646979375]\"><img loading=\"lazy\" decoding=\"async\" class=\"\" src=\"https:\/\/ceatso.com\/wp-content\/uploads\/2019\/05\/presenciales-6-575x344.jpg\" width=\"575\" height=\"344\" alt=\"presenciales (6)\" title=\"presenciales (6)\" \/><\/a><\/div><\/div><div class=\"vc_item\"><div class=\"vc_inner\"><a class=\"\" href=\"https:\/\/ceatso.com\/wp-content\/uploads\/2019\/05\/presenciales-5.jpg\" data-lightbox=\"lightbox[rel-11474-3646979375]\"><img loading=\"lazy\" decoding=\"async\" class=\"\" src=\"https:\/\/ceatso.com\/wp-content\/uploads\/2019\/05\/presenciales-5-575x344.jpg\" width=\"575\" height=\"344\" alt=\"presenciales (5)\" title=\"presenciales (5)\" \/><\/a><\/div><\/div><div class=\"vc_item\"><div class=\"vc_inner\"><a class=\"\" href=\"https:\/\/ceatso.com\/wp-content\/uploads\/2019\/05\/presenciales-4.jpg\" data-lightbox=\"lightbox[rel-11474-3646979375]\"><img loading=\"lazy\" decoding=\"async\" class=\"\" src=\"https:\/\/ceatso.com\/wp-content\/uploads\/2019\/05\/presenciales-4-575x344.jpg\" width=\"575\" height=\"344\" alt=\"presenciales (4)\" title=\"presenciales (4)\" \/><\/a><\/div><\/div><div class=\"vc_item\"><div class=\"vc_inner\"><a class=\"\" href=\"https:\/\/ceatso.com\/wp-content\/uploads\/2019\/05\/presenciales-3.jpg\" data-lightbox=\"lightbox[rel-11474-3646979375]\"><img loading=\"lazy\" decoding=\"async\" class=\"\" src=\"https:\/\/ceatso.com\/wp-content\/uploads\/2019\/05\/presenciales-3-575x344.jpg\" width=\"575\" height=\"344\" alt=\"presenciales (3)\" title=\"presenciales (3)\" \/><\/a><\/div><\/div><div class=\"vc_item\"><div class=\"vc_inner\"><a class=\"\" href=\"https:\/\/ceatso.com\/wp-content\/uploads\/2019\/05\/presenciales-2.jpg\" data-lightbox=\"lightbox[rel-11474-3646979375]\"><img loading=\"lazy\" decoding=\"async\" class=\"\" src=\"https:\/\/ceatso.com\/wp-content\/uploads\/2019\/05\/presenciales-2-575x344.jpg\" width=\"575\" height=\"344\" alt=\"presenciales (2)\" title=\"presenciales (2)\" \/><\/a><\/div><\/div><div class=\"vc_item\"><div class=\"vc_inner\"><a class=\"\" href=\"https:\/\/ceatso.com\/wp-content\/uploads\/2019\/05\/presenciales-1.jpg\" data-lightbox=\"lightbox[rel-11474-3646979375]\"><img loading=\"lazy\" decoding=\"async\" class=\"\" src=\"https:\/\/ceatso.com\/wp-content\/uploads\/2019\/05\/presenciales-1-575x344.jpg\" width=\"575\" height=\"344\" alt=\"presenciales (1)\" title=\"presenciales (1)\" \/><\/a><\/div><\/div><\/div><\/div><\/div><a class=\"vc_left vc_carousel-control\" href=\"#vc_images-carousel-1-1777563850\" data-slide=\"prev\"><span class=\"icon-prev\"><\/span><\/a><a class=\"vc_right vc_carousel-control\" href=\"#vc_images-carousel-1-1777563850\" data-slide=\"next\"><span class=\"icon-next\"><\/span><\/a><\/div><\/div><\/div><\/div><\/div><\/div><div class=\"wpb_column vc_column_container vc_col-sm-6\"><div class=\"vc_column-inner\"><div class=\"wpb_wrapper\">\n\t<div class=\"wpb_text_column wpb_content_element\" >\n\t\t<div class=\"wpb_wrapper\">\n\t\t\t<h3 style=\"text-align: center;\">\u00bfQuieres m\u00e1s informaci\u00f3n?<\/h3>\n\n\t\t<\/div>\n\t<\/div>\n\n<div class=\"wpcf7 no-js\" id=\"wpcf7-f11344-o1\" lang=\"en-US\" dir=\"ltr\" data-wpcf7-id=\"11344\">\n<div class=\"screen-reader-response\"><p role=\"status\" aria-live=\"polite\" aria-atomic=\"true\"><\/p> <ul><\/ul><\/div>\n<form action=\"\/es\/wp-json\/wp\/v2\/pages\/11474#wpcf7-f11344-o1\" method=\"post\" class=\"wpcf7-form init\" aria-label=\"Contact form\" novalidate=\"novalidate\" data-status=\"init\" data-trp-original-action=\"\/es\/wp-json\/wp\/v2\/pages\/11474#wpcf7-f11344-o1\">\n<div style=\"display: none;\">\n<input type=\"hidden\" name=\"_wpcf7\" value=\"11344\" \/>\n<input type=\"hidden\" name=\"_wpcf7_version\" value=\"6.0.6\" \/>\n<input type=\"hidden\" name=\"_wpcf7_locale\" value=\"en_US\" \/>\n<input type=\"hidden\" name=\"_wpcf7_unit_tag\" value=\"wpcf7-f11344-o1\" \/>\n<input type=\"hidden\" name=\"_wpcf7_container_post\" value=\"0\" \/>\n<input type=\"hidden\" name=\"_wpcf7_posted_data_hash\" value=\"\" \/>\n<\/div>\n<p><span class=\"wpcf7-form-control-wrap\" data-name=\"your-name\"><input size=\"40\" maxlength=\"400\" class=\"wpcf7-form-control wpcf7-text wpcf7-validates-as-required\" aria-required=\"true\" aria-invalid=\"false\" placeholder=\"Nombre *\" value=\"\" type=\"text\" name=\"your-name\" \/><\/span>\n<\/p>\n<p><span class=\"wpcf7-form-control-wrap\" data-name=\"your-email\"><input size=\"40\" maxlength=\"400\" class=\"wpcf7-form-control wpcf7-email wpcf7-validates-as-required wpcf7-text wpcf7-validates-as-email\" aria-required=\"true\" aria-invalid=\"false\" placeholder=\"Correo *\" value=\"\" type=\"email\" name=\"your-email\" \/><\/span>\n<\/p>\n<p><span class=\"wpcf7-form-control-wrap\" data-name=\"your-subject\"><input size=\"40\" maxlength=\"400\" class=\"wpcf7-form-control wpcf7-text wpcf7-validates-as-required\" aria-required=\"true\" aria-invalid=\"false\" placeholder=\"Asunto *\" value=\"\" type=\"text\" name=\"your-subject\" \/><\/span>\n<\/p>\n<p><span class=\"wpcf7-form-control-wrap\" data-name=\"your-message\"><textarea cols=\"40\" rows=\"10\" maxlength=\"2000\" class=\"wpcf7-form-control wpcf7-textarea wpcf7-validates-as-required\" aria-required=\"true\" aria-invalid=\"false\" placeholder=\"Consulta *\" name=\"your-message\"><\/textarea><\/span>\n<\/p>\n<p><input class=\"wpcf7-form-control wpcf7-submit has-spinner\" type=\"submit\" value=\"Enviar\" \/>\n<\/p><div class=\"wpcf7-response-output\" aria-hidden=\"true\"><\/div>\n<input type=\"hidden\" name=\"trp-form-language\" value=\"es\"\/><\/form>\n<\/div>\n<\/div><\/div><\/div><\/div><div data-vc-full-width=\"true\" data-vc-full-width-init=\"false\" class=\"vc_row wpb_row vc_row-fluid thim-bg-overlay-color-half vc_custom_1509437311667 vc_row-has-fill\"><div class=\"wpb_column vc_column_container vc_col-sm-12\"><div class=\"vc_column-inner\"><div class=\"wpb_wrapper\"><div class=\"vc_empty_space\"   style=\"height: 60px\"><span class=\"vc_empty_space_inner\"><\/span><\/div><div class=\"thim-widget-heading template-base\"><div class=\"sc_heading  text-center\"><h3 style=\"text-transform: uppercase;color:#333333;\" class=\"title\">\u00bfQuieres recibir promociones y descuentos?<\/h3><p class=\"sub-heading\" style=\"color:#333333;\">\u00a1Suscribete Gratis!<\/p><\/div><\/div><div class=\"thim-widget-button template-base\"><a class=\"widget-button  normal\" href=\"\/es\/contacto\/\" target=\"_blank\" style=\"\" data-hover=\"\">Registrarte ahora<\/a><\/div><div class=\"vc_empty_space\"   style=\"height: 60px\"><span class=\"vc_empty_space_inner\"><\/span><\/div><\/div><\/div><\/div><\/div><div class=\"vc_row-full-width vc_clearfix\"><\/div>","protected":false},"excerpt":{"rendered":"Actualizaci\u00f3n Presencial El programa de Actualizaci\u00f3n en Trabajo Social se caracteriza por ser un espacio de reflexi\u00f3n y profundizaci\u00f3n de los diversos contenidos metodol\u00f3gicos abordados en t\u00fa formaci\u00f3n curricular con el fin de potenciar tus competencias y habilidades profesionales en &hellip;","protected":false},"author":1,"featured_media":0,"parent":0,"menu_order":0,"comment_status":"closed","ping_status":"closed","template":"page-templates\/homepage.php","meta":{"_bbp_topic_count":0,"_bbp_reply_count":0,"_bbp_total_topic_count":0,"_bbp_total_reply_count":0,"_bbp_voice_count":0,"_bbp_anonymous_reply_count":0,"_bbp_topic_count_hidden":0,"_bbp_reply_count_hidden":0,"_bbp_forum_subforum_count":0,"pmpro_default_level":"","footnotes":""},"class_list":["post-11474","page","type-page","status-publish","hentry","pmpro-has-access"],"yoast_head":"<!-- This site is optimized with the Yoast SEO plugin v25.3 - https:\/\/yoast.com\/wordpress\/plugins\/seo\/ -->\n<title>Actualizaci\u00f3n Presencial - CEATSO<\/title>\n<meta name=\"robots\" content=\"index, follow, max-snippet:-1, max-image-preview:large, max-video-preview:-1\" \/>\n<link rel=\"canonical\" href=\"https:\/\/ceatso.com\/es\/actualizacionpresencial\/\" \/>\n<meta property=\"og:locale\" content=\"es_ES\" \/>\n<meta property=\"og:type\" content=\"article\" \/>\n<meta property=\"og:title\" content=\"Actualizaci\u00f3n Presencial - CEATSO\" \/>\n<meta property=\"og:url\" content=\"https:\/\/ceatso.com\/es\/actualizacionpresencial\/\" \/>\n<meta property=\"og:site_name\" content=\"CEATSO\" \/>\n<meta property=\"article:modified_time\" content=\"2019-05-21T12:34:39+00:00\" \/>\n<meta name=\"twitter:card\" content=\"summary_large_image\" \/>\n<meta name=\"twitter:label1\" content=\"Tiempo de lectura\" \/>\n\t<meta name=\"twitter:data1\" content=\"2 minutos\" \/>\n<script type=\"application\/ld+json\" class=\"yoast-schema-graph\">{\"@context\":\"https:\/\/schema.org\",\"@graph\":[{\"@type\":\"WebPage\",\"@id\":\"https:\/\/ceatso.com\/actualizacionpresencial\/\",\"url\":\"https:\/\/ceatso.com\/actualizacionpresencial\/\",\"name\":\"Actualizaci\u00f3n Presencial - CEATSO\",\"isPartOf\":{\"@id\":\"https:\/\/ceatso.com\/#website\"},\"datePublished\":\"2019-05-03T13:12:10+00:00\",\"dateModified\":\"2019-05-21T12:34:39+00:00\",\"breadcrumb\":{\"@id\":\"https:\/\/ceatso.com\/actualizacionpresencial\/#breadcrumb\"},\"inLanguage\":\"es\",\"potentialAction\":[{\"@type\":\"ReadAction\",\"target\":[\"https:\/\/ceatso.com\/actualizacionpresencial\/\"]}]},{\"@type\":\"BreadcrumbList\",\"@id\":\"https:\/\/ceatso.com\/actualizacionpresencial\/#breadcrumb\",\"itemListElement\":[{\"@type\":\"ListItem\",\"position\":1,\"name\":\"Portada\",\"item\":\"https:\/\/ceatso.com\/\"},{\"@type\":\"ListItem\",\"position\":2,\"name\":\"Actualizaci\u00f3n Presencial\"}]},{\"@type\":\"WebSite\",\"@id\":\"https:\/\/ceatso.com\/#website\",\"url\":\"https:\/\/ceatso.com\/\",\"name\":\"CEATSO\",\"description\":\"Corporacion de Estudios Avanzados en Trabajo Social\",\"publisher\":{\"@id\":\"https:\/\/ceatso.com\/#organization\"},\"potentialAction\":[{\"@type\":\"SearchAction\",\"target\":{\"@type\":\"EntryPoint\",\"urlTemplate\":\"https:\/\/ceatso.com\/?s={search_term_string}\"},\"query-input\":{\"@type\":\"PropertyValueSpecification\",\"valueRequired\":true,\"valueName\":\"search_term_string\"}}],\"inLanguage\":\"es\"},{\"@type\":\"Organization\",\"@id\":\"https:\/\/ceatso.com\/#organization\",\"name\":\"Corporaci\u00f3n de Estudios Avanzados En Trabajo Social | CEATSO\",\"url\":\"https:\/\/ceatso.com\/\",\"logo\":{\"@type\":\"ImageObject\",\"inLanguage\":\"es\",\"@id\":\"https:\/\/ceatso.com\/#\/schema\/logo\/image\/\",\"url\":\"https:\/\/ceatso.com\/wp-content\/uploads\/2019\/05\/Logro-Negro.png\",\"contentUrl\":\"https:\/\/ceatso.com\/wp-content\/uploads\/2019\/05\/Logro-Negro.png\",\"width\":569,\"height\":164,\"caption\":\"Corporaci\u00f3n de Estudios Avanzados En Trabajo Social | CEATSO\"},\"image\":{\"@id\":\"https:\/\/ceatso.com\/#\/schema\/logo\/image\/\"}}]}<\/script>\n<!-- \/ Yoast SEO plugin. -->","yoast_head_json":{"title":"Actualizaci\u00f3n Presencial - CEATSO","robots":{"index":"index","follow":"follow","max-snippet":"max-snippet:-1","max-image-preview":"max-image-preview:large","max-video-preview":"max-video-preview:-1"},"canonical":"https:\/\/ceatso.com\/es\/actualizacionpresencial\/","og_locale":"es_ES","og_type":"article","og_title":"Actualizaci\u00f3n Presencial - CEATSO","og_url":"https:\/\/ceatso.com\/es\/actualizacionpresencial\/","og_site_name":"CEATSO","article_modified_time":"2019-05-21T12:34:39+00:00","twitter_card":"summary_large_image","twitter_misc":{"Tiempo de lectura":"2 minutos"},"schema":{"@context":"https:\/\/schema.org","@graph":[{"@type":"WebPage","@id":"https:\/\/ceatso.com\/actualizacionpresencial\/","url":"https:\/\/ceatso.com\/actualizacionpresencial\/","name":"Actualizaci\u00f3n Presencial - CEATSO","isPartOf":{"@id":"https:\/\/ceatso.com\/#website"},"datePublished":"2019-05-03T13:12:10+00:00","dateModified":"2019-05-21T12:34:39+00:00","breadcrumb":{"@id":"https:\/\/ceatso.com\/actualizacionpresencial\/#breadcrumb"},"inLanguage":"es","potentialAction":[{"@type":"ReadAction","target":["https:\/\/ceatso.com\/actualizacionpresencial\/"]}]},{"@type":"BreadcrumbList","@id":"https:\/\/ceatso.com\/actualizacionpresencial\/#breadcrumb","itemListElement":[{"@type":"ListItem","position":1,"name":"Portada","item":"https:\/\/ceatso.com\/"},{"@type":"ListItem","position":2,"name":"Actualizaci\u00f3n Presencial"}]},{"@type":"WebSite","@id":"https:\/\/ceatso.com\/#website","url":"https:\/\/ceatso.com\/","name":"CEATSO","description":"Corporacion de Estudios Avanzados en Trabajo Social","publisher":{"@id":"https:\/\/ceatso.com\/#organization"},"potentialAction":[{"@type":"SearchAction","target":{"@type":"EntryPoint","urlTemplate":"https:\/\/ceatso.com\/?s={search_term_string}"},"query-input":{"@type":"PropertyValueSpecification","valueRequired":true,"valueName":"search_term_string"}}],"inLanguage":"es"},{"@type":"Organization","@id":"https:\/\/ceatso.com\/#organization","name":"Corporaci\u00f3n de Estudios Avanzados En Trabajo Social | CEATSO","url":"https:\/\/ceatso.com\/","logo":{"@type":"ImageObject","inLanguage":"es","@id":"https:\/\/ceatso.com\/#\/schema\/logo\/image\/","url":"https:\/\/ceatso.com\/wp-content\/uploads\/2019\/05\/Logro-Negro.png","contentUrl":"https:\/\/ceatso.com\/wp-content\/uploads\/2019\/05\/Logro-Negro.png","width":569,"height":164,"caption":"Corporaci\u00f3n de Estudios Avanzados En Trabajo Social | CEATSO"},"image":{"@id":"https:\/\/ceatso.com\/#\/schema\/logo\/image\/"}}]}},"_links":{"self":[{"href":"https:\/\/ceatso.com\/es\/wp-json\/wp\/v2\/pages\/11474","targetHints":{"allow":["GET"]}}],"collection":[{"href":"https:\/\/ceatso.com\/es\/wp-json\/wp\/v2\/pages"}],"about":[{"href":"https:\/\/ceatso.com\/es\/wp-json\/wp\/v2\/types\/page"}],"author":[{"embeddable":true,"href":"https:\/\/ceatso.com\/es\/wp-json\/wp\/v2\/users\/1"}],"replies":[{"embeddable":true,"href":"https:\/\/ceatso.com\/es\/wp-json\/wp\/v2\/comments?post=11474"}],"version-history":[{"count":18,"href":"https:\/\/ceatso.com\/es\/wp-json\/wp\/v2\/pages\/11474\/revisions"}],"predecessor-version":[{"id":11832,"href":"https:\/\/ceatso.com\/es\/wp-json\/wp\/v2\/pages\/11474\/revisions\/11832"}],"wp:attachment":[{"href":"https:\/\/ceatso.com\/es\/wp-json\/wp\/v2\/media?parent=11474"}],"curies":[{"name":"wp","href":"https:\/\/api.w.org\/{rel}","templated":true}]}}