{"id":11602,"date":"2019-05-06T00:15:38","date_gmt":"2019-05-06T00:15:38","guid":{"rendered":"https:\/\/ceatso.com\/?page_id=11602"},"modified":"2019-05-23T16:13:26","modified_gmt":"2019-05-23T16:13:26","slug":"observatorios-2","status":"publish","type":"page","link":"https:\/\/ceatso.com\/es\/observatorios-2\/","title":{"rendered":"Observatorios en Investigaci\u00f3n Social"},"content":{"rendered":"<div data-vc-full-width=\"true\" data-vc-full-width-init=\"false\" data-vc-stretch-content=\"true\" class=\"vc_row wpb_row vc_row-fluid vc_custom_1557090062723 vc_row-has-fill vc_row-no-padding\"><div class=\"wpb_column vc_column_container vc_col-sm-12\"><div class=\"vc_column-inner\"><div class=\"wpb_wrapper\"><div class=\"vc_empty_space\"   style=\"height: 60px\"><span class=\"vc_empty_space_inner\"><\/span><\/div><div class=\"vc_empty_space\"   style=\"height: 60px\"><span class=\"vc_empty_space_inner\"><\/span><\/div><div class=\"vc_empty_space\"   style=\"height: 60px\"><span class=\"vc_empty_space_inner\"><\/span><\/div><div class=\"vc-extral_class wpb_animate_when_almost_visible wpb_left-to-right left-to-right\"><div class=\"thim-widget-heading template-base\"><div class=\"sc_heading  text-center\"><h2 style=\"text-transform: uppercase;color:#ffffff;\" class=\"title\">Observatorios en Investigaci\u00f3n Social<\/h2><\/div><\/div><\/div><div class=\"vc_empty_space\"   style=\"height: 60px\"><span class=\"vc_empty_space_inner\"><\/span><\/div><div class=\"vc_empty_space\"   style=\"height: 60px\"><span class=\"vc_empty_space_inner\"><\/span><\/div><\/div><\/div><\/div><\/div><div class=\"vc_row-full-width vc_clearfix\"><\/div><div class=\"vc_row wpb_row vc_row-fluid\"><div class=\"wpb_column vc_column_container vc_col-sm-12\"><div class=\"vc_column-inner\"><div class=\"wpb_wrapper\">\n\t<div class=\"wpb_text_column wpb_content_element\" >\n\t\t<div class=\"wpb_wrapper\">\n\t\t\t<h4 style=\"text-align: center;\"><strong>\u00bfQu\u00e9 es un Observatorio?<\/strong><\/h4>\n<p style=\"text-align: center;\">Este espacio\u00a0 permitir\u00e1 trabajar de manera colectiva con diversos colegas que se desempe\u00f1an en\u00a0 \u00e1reas y sectores diferentes de Chile y Am\u00e9rica Latina, lo esencial es compartir experiencias que permitan potenciar el Trabajo\u00a0 Social en las distintas dimensiones de nuestra profesi\u00f3n. Los observatorios son\u00a0 un espacio de encuentro para poder reflexionar, analizar y aportar al trabajo que cada uno realiza en los distintos escenarios. Estaremos organizando un conjunto de actividades que den cuenta de \u00e9stos desaf\u00edos: Seminarios, publicar tus experiencias en la Revista CEATSO, mesas de trabajos, conversatorios, entre otras iniciativas que potencien \u00e9ste espacio en dos grandes \u00e1mbitos: Lo Comunitario e Investigaci\u00f3n Social<\/p>\n\n\t\t<\/div>\n\t<\/div>\n<\/div><\/div><\/div><\/div><div data-vc-full-width=\"true\" data-vc-full-width-init=\"false\" data-vc-stretch-content=\"true\" class=\"vc_row wpb_row vc_row-fluid vc_custom_1557089078917\"><div class=\"wpb_column vc_column_container vc_col-sm-6\"><div class=\"vc_column-inner\"><div class=\"wpb_wrapper\"><div class=\"vc_empty_space\"   style=\"height: 30px\"><span class=\"vc_empty_space_inner\"><\/span><\/div>\n\t<div class=\"wpb_text_column wpb_content_element\" >\n\t\t<div class=\"wpb_wrapper\">\n\t\t\t<p style=\"text-align: justify;\"><span style=\"color: #5e78fa;\">Este observatorio est\u00e1 dirigido a estudiantes de 4 y 5 a\u00f1o de la carrera, para profesionales que est\u00e1n cursando posgrados o bien para aquellos que intentan generar espacios investigativos en sus propias instituciones con el fin de mejorar la gesti\u00f3n social. En este espacio buscamos apoyar en la coherencia metodol\u00f3gica de t\u00fa trabajo, la complementariedad entre lo cualitativo y cuantitativo, en el an\u00e1lisis de la informaci\u00f3n y por \u00faltimo a partir de los resultados investigativos aportar en\u00a0\u00a0 la construcci\u00f3n de pol\u00edticas locales.<\/span><\/p>\n\n\t\t<\/div>\n\t<\/div>\n<\/div><\/div><\/div><div class=\"wpb_column vc_column_container vc_col-sm-6\"><div class=\"vc_column-inner\"><div class=\"wpb_wrapper\"><div class=\"vc_empty_space\"   style=\"height: 60px\"><span class=\"vc_empty_space_inner\"><\/span><\/div>\n\t<div class=\"wpb_text_column wpb_content_element\" >\n\t\t<div class=\"wpb_wrapper\">\n\t\t\t<div style=\"width: 640px;\" class=\"wp-video\"><!--[if lt IE 9]><script>document.createElement('video');<\/script><![endif]-->\n<video class=\"wp-video-shortcode\" id=\"video-11602-1\" width=\"640\" height=\"360\" preload=\"metadata\" controls=\"controls\"><source type=\"video\/youtube\" src=\"https:\/\/www.youtube.com\/watch?v=HDajyhHeJeg&#038;_=1\" \/><a href=\"https:\/\/www.youtube.com\/watch?v=HDajyhHeJeg\">https:\/\/www.youtube.com\/watch?v=HDajyhHeJeg<\/a><\/video><\/div>\n\n\t\t<\/div>\n\t<\/div>\n<\/div><\/div><\/div><\/div><div class=\"vc_row-full-width vc_clearfix\"><\/div><div class=\"vc_row wpb_row vc_row-fluid\"><div class=\"wpb_column vc_column_container vc_col-sm-6\"><div class=\"vc_column-inner\"><div class=\"wpb_wrapper\"><div class=\"vc_empty_space\"   style=\"height: 60px\"><span class=\"vc_empty_space_inner\"><\/span><\/div><div class=\"wpb_images_carousel wpb_content_element vc_clearfix\"><div class=\"wpb_wrapper\"><div id=\"vc_images-carousel-1-1777659506\" data-ride=\"vc_carousel\" data-wrap=\"false\" style=\"width: 575px;\" data-interval=\"0\" data-auto-height=\"yes\" data-mode=\"horizontal\" data-partial=\"false\" data-per-view=\"1\" data-hide-on-end=\"true\" class=\"vc_slide vc_images_carousel\"><ol class=\"vc_carousel-indicators\"><li data-target=\"#vc_images-carousel-1-1777659506\" data-slide-to=\"0\"><\/li><li data-target=\"#vc_images-carousel-1-1777659506\" data-slide-to=\"1\"><\/li><li data-target=\"#vc_images-carousel-1-1777659506\" data-slide-to=\"2\"><\/li><li data-target=\"#vc_images-carousel-1-1777659506\" data-slide-to=\"3\"><\/li><\/ol><div class=\"vc_carousel-inner\"><div class=\"vc_carousel-slideline\"><div class=\"vc_carousel-slideline-inner\"><div class=\"vc_item\"><div class=\"vc_inner\"><a class=\"\" href=\"https:\/\/ceatso.com\/wp-content\/uploads\/2019\/05\/observatorios005-1024x768.jpeg\" data-lightbox=\"lightbox[rel-11602-6391359]\"><img loading=\"lazy\" decoding=\"async\" class=\"\" src=\"https:\/\/ceatso.com\/wp-content\/uploads\/2019\/05\/observatorios005-575x344.jpeg\" width=\"575\" height=\"344\" alt=\"observatorios005\" title=\"observatorios005\" \/><\/a><\/div><\/div><div class=\"vc_item\"><div class=\"vc_inner\"><a class=\"\" href=\"https:\/\/ceatso.com\/wp-content\/uploads\/2019\/05\/observatorio001-1024x576.jpeg\" data-lightbox=\"lightbox[rel-11602-6391359]\"><img loading=\"lazy\" decoding=\"async\" class=\"\" src=\"https:\/\/ceatso.com\/wp-content\/uploads\/2019\/05\/observatorio001-575x344.jpeg\" width=\"575\" height=\"344\" alt=\"observatorio001\" title=\"observatorio001\" \/><\/a><\/div><\/div><div class=\"vc_item\"><div class=\"vc_inner\"><a class=\"\" href=\"https:\/\/ceatso.com\/wp-content\/uploads\/2019\/05\/Peritaje-7.jpg\" data-lightbox=\"lightbox[rel-11602-6391359]\"><img loading=\"lazy\" decoding=\"async\" class=\"\" src=\"https:\/\/ceatso.com\/wp-content\/uploads\/2019\/05\/Peritaje-7-575x344.jpg\" width=\"575\" height=\"344\" alt=\"Peritaje (7)\" title=\"Peritaje (7)\" \/><\/a><\/div><\/div><div class=\"vc_item\"><div class=\"vc_inner\"><a class=\"\" href=\"https:\/\/ceatso.com\/wp-content\/uploads\/2019\/05\/observatorios-3-1024x768.jpg\" data-lightbox=\"lightbox[rel-11602-6391359]\"><img loading=\"lazy\" decoding=\"async\" class=\"\" src=\"https:\/\/ceatso.com\/wp-content\/uploads\/2019\/05\/observatorios-3-575x344.jpg\" width=\"575\" height=\"344\" alt=\"observatorios (3)\" title=\"observatorios (3)\" \/><\/a><\/div><\/div><\/div><\/div><\/div><a class=\"vc_left vc_carousel-control\" href=\"#vc_images-carousel-1-1777659506\" data-slide=\"prev\"><span class=\"icon-prev\"><\/span><\/a><a class=\"vc_right vc_carousel-control\" href=\"#vc_images-carousel-1-1777659506\" data-slide=\"next\"><span class=\"icon-next\"><\/span><\/a><\/div><\/div><\/div><\/div><\/div><\/div><div class=\"wpb_column vc_column_container vc_col-sm-6\"><div class=\"vc_column-inner\"><div class=\"wpb_wrapper\">\n\t<div class=\"wpb_text_column wpb_content_element\" >\n\t\t<div class=\"wpb_wrapper\">\n\t\t\t<h3 style=\"text-align: center;\">\u00bfQuieres m\u00e1s informaci\u00f3n?<\/h3>\n\n\t\t<\/div>\n\t<\/div>\n\n<div class=\"wpcf7 no-js\" id=\"wpcf7-f11344-o1\" lang=\"en-US\" dir=\"ltr\" data-wpcf7-id=\"11344\">\n<div class=\"screen-reader-response\"><p role=\"status\" aria-live=\"polite\" aria-atomic=\"true\"><\/p> <ul><\/ul><\/div>\n<form action=\"\/es\/wp-json\/wp\/v2\/pages\/11602#wpcf7-f11344-o1\" method=\"post\" class=\"wpcf7-form init\" aria-label=\"Contact form\" novalidate=\"novalidate\" data-status=\"init\" data-trp-original-action=\"\/es\/wp-json\/wp\/v2\/pages\/11602#wpcf7-f11344-o1\">\n<div style=\"display: none;\">\n<input type=\"hidden\" name=\"_wpcf7\" value=\"11344\" \/>\n<input type=\"hidden\" name=\"_wpcf7_version\" value=\"6.0.6\" \/>\n<input type=\"hidden\" name=\"_wpcf7_locale\" value=\"en_US\" \/>\n<input type=\"hidden\" name=\"_wpcf7_unit_tag\" value=\"wpcf7-f11344-o1\" \/>\n<input type=\"hidden\" name=\"_wpcf7_container_post\" value=\"0\" \/>\n<input type=\"hidden\" name=\"_wpcf7_posted_data_hash\" value=\"\" \/>\n<\/div>\n<p><span class=\"wpcf7-form-control-wrap\" data-name=\"your-name\"><input size=\"40\" maxlength=\"400\" class=\"wpcf7-form-control wpcf7-text wpcf7-validates-as-required\" aria-required=\"true\" aria-invalid=\"false\" placeholder=\"Nombre *\" value=\"\" type=\"text\" name=\"your-name\" \/><\/span>\n<\/p>\n<p><span class=\"wpcf7-form-control-wrap\" data-name=\"your-email\"><input size=\"40\" maxlength=\"400\" class=\"wpcf7-form-control wpcf7-email wpcf7-validates-as-required wpcf7-text wpcf7-validates-as-email\" aria-required=\"true\" aria-invalid=\"false\" placeholder=\"Correo *\" value=\"\" type=\"email\" name=\"your-email\" \/><\/span>\n<\/p>\n<p><span class=\"wpcf7-form-control-wrap\" data-name=\"your-subject\"><input size=\"40\" maxlength=\"400\" class=\"wpcf7-form-control wpcf7-text wpcf7-validates-as-required\" aria-required=\"true\" aria-invalid=\"false\" placeholder=\"Asunto *\" value=\"\" type=\"text\" name=\"your-subject\" \/><\/span>\n<\/p>\n<p><span class=\"wpcf7-form-control-wrap\" data-name=\"your-message\"><textarea cols=\"40\" rows=\"10\" maxlength=\"2000\" class=\"wpcf7-form-control wpcf7-textarea wpcf7-validates-as-required\" aria-required=\"true\" aria-invalid=\"false\" placeholder=\"Consulta *\" name=\"your-message\"><\/textarea><\/span>\n<\/p>\n<p><input class=\"wpcf7-form-control wpcf7-submit has-spinner\" type=\"submit\" value=\"Enviar\" \/>\n<\/p><div class=\"wpcf7-response-output\" aria-hidden=\"true\"><\/div>\n<input type=\"hidden\" name=\"trp-form-language\" value=\"es\"\/><\/form>\n<\/div>\n<\/div><\/div><\/div><\/div><div data-vc-full-width=\"true\" data-vc-full-width-init=\"false\" class=\"vc_row wpb_row vc_row-fluid thim-bg-overlay-color-half vc_custom_1509437311667 vc_row-has-fill\"><div class=\"wpb_column vc_column_container vc_col-sm-12\"><div class=\"vc_column-inner\"><div class=\"wpb_wrapper\"><div class=\"vc_empty_space\"   style=\"height: 60px\"><span class=\"vc_empty_space_inner\"><\/span><\/div><div class=\"thim-widget-heading template-base\"><div class=\"sc_heading  text-center\"><h3 style=\"text-transform: uppercase;color:#333333;\" class=\"title\">\u00bfQuieres recibir promociones y descuentos?<\/h3><p class=\"sub-heading\" style=\"color:#333333;\">\u00a1Suscribete Gratis!<\/p><\/div><\/div><div class=\"thim-widget-button template-base\"><a class=\"widget-button  normal\" href=\"\/es\/contacto\/\" target=\"_blank\" style=\"\" data-hover=\"\">Registrarte ahora<\/a><\/div><div class=\"vc_empty_space\"   style=\"height: 60px\"><span class=\"vc_empty_space_inner\"><\/span><\/div><\/div><\/div><\/div><\/div><div class=\"vc_row-full-width vc_clearfix\"><\/div>","protected":false},"excerpt":{"rendered":"Observatorios en Investigaci\u00f3n Social \u00bfQu\u00e9 es un Observatorio? Este espacio\u00a0 permitir\u00e1 trabajar de manera colectiva con diversos colegas que se desempe\u00f1an en\u00a0 \u00e1reas y sectores diferentes de Chile y Am\u00e9rica Latina, lo esencial es compartir experiencias que permitan potenciar el &hellip;","protected":false},"author":1,"featured_media":0,"parent":0,"menu_order":0,"comment_status":"closed","ping_status":"closed","template":"page-templates\/homepage.php","meta":{"_bbp_topic_count":0,"_bbp_reply_count":0,"_bbp_total_topic_count":0,"_bbp_total_reply_count":0,"_bbp_voice_count":0,"_bbp_anonymous_reply_count":0,"_bbp_topic_count_hidden":0,"_bbp_reply_count_hidden":0,"_bbp_forum_subforum_count":0,"pmpro_default_level":"","footnotes":""},"class_list":["post-11602","page","type-page","status-publish","hentry","pmpro-has-access"],"yoast_head":"<!-- This site is optimized with the Yoast SEO plugin v25.3 - https:\/\/yoast.com\/wordpress\/plugins\/seo\/ -->\n<title>Observatorios en Investigaci\u00f3n Social - CEATSO<\/title>\n<meta name=\"robots\" content=\"index, follow, max-snippet:-1, max-image-preview:large, max-video-preview:-1\" \/>\n<link rel=\"canonical\" href=\"https:\/\/ceatso.com\/es\/observatorios-2\/\" \/>\n<meta property=\"og:locale\" content=\"es_ES\" \/>\n<meta property=\"og:type\" content=\"article\" \/>\n<meta property=\"og:title\" content=\"Observatorios en Investigaci\u00f3n Social - CEATSO\" \/>\n<meta property=\"og:url\" content=\"https:\/\/ceatso.com\/es\/observatorios-2\/\" \/>\n<meta property=\"og:site_name\" content=\"CEATSO\" \/>\n<meta property=\"article:modified_time\" content=\"2019-05-23T16:13:26+00:00\" \/>\n<meta name=\"twitter:card\" content=\"summary_large_image\" \/>\n<meta name=\"twitter:label1\" content=\"Tiempo de lectura\" \/>\n\t<meta name=\"twitter:data1\" content=\"2 minutos\" \/>\n<script type=\"application\/ld+json\" class=\"yoast-schema-graph\">{\"@context\":\"https:\/\/schema.org\",\"@graph\":[{\"@type\":\"WebPage\",\"@id\":\"https:\/\/ceatso.com\/observatorios-2\/\",\"url\":\"https:\/\/ceatso.com\/observatorios-2\/\",\"name\":\"Observatorios en Investigaci\u00f3n Social - CEATSO\",\"isPartOf\":{\"@id\":\"https:\/\/ceatso.com\/#website\"},\"datePublished\":\"2019-05-06T00:15:38+00:00\",\"dateModified\":\"2019-05-23T16:13:26+00:00\",\"breadcrumb\":{\"@id\":\"https:\/\/ceatso.com\/observatorios-2\/#breadcrumb\"},\"inLanguage\":\"es\",\"potentialAction\":[{\"@type\":\"ReadAction\",\"target\":[\"https:\/\/ceatso.com\/observatorios-2\/\"]}]},{\"@type\":\"BreadcrumbList\",\"@id\":\"https:\/\/ceatso.com\/observatorios-2\/#breadcrumb\",\"itemListElement\":[{\"@type\":\"ListItem\",\"position\":1,\"name\":\"Portada\",\"item\":\"https:\/\/ceatso.com\/\"},{\"@type\":\"ListItem\",\"position\":2,\"name\":\"Observatorios en Investigaci\u00f3n Social\"}]},{\"@type\":\"WebSite\",\"@id\":\"https:\/\/ceatso.com\/#website\",\"url\":\"https:\/\/ceatso.com\/\",\"name\":\"CEATSO\",\"description\":\"Corporacion de Estudios Avanzados en Trabajo Social\",\"publisher\":{\"@id\":\"https:\/\/ceatso.com\/#organization\"},\"potentialAction\":[{\"@type\":\"SearchAction\",\"target\":{\"@type\":\"EntryPoint\",\"urlTemplate\":\"https:\/\/ceatso.com\/?s={search_term_string}\"},\"query-input\":{\"@type\":\"PropertyValueSpecification\",\"valueRequired\":true,\"valueName\":\"search_term_string\"}}],\"inLanguage\":\"es\"},{\"@type\":\"Organization\",\"@id\":\"https:\/\/ceatso.com\/#organization\",\"name\":\"Corporaci\u00f3n de Estudios Avanzados En Trabajo Social | CEATSO\",\"url\":\"https:\/\/ceatso.com\/\",\"logo\":{\"@type\":\"ImageObject\",\"inLanguage\":\"es\",\"@id\":\"https:\/\/ceatso.com\/#\/schema\/logo\/image\/\",\"url\":\"https:\/\/ceatso.com\/wp-content\/uploads\/2019\/05\/Logro-Negro.png\",\"contentUrl\":\"https:\/\/ceatso.com\/wp-content\/uploads\/2019\/05\/Logro-Negro.png\",\"width\":569,\"height\":164,\"caption\":\"Corporaci\u00f3n de Estudios Avanzados En Trabajo Social | CEATSO\"},\"image\":{\"@id\":\"https:\/\/ceatso.com\/#\/schema\/logo\/image\/\"}}]}<\/script>\n<!-- \/ Yoast SEO plugin. -->","yoast_head_json":{"title":"Observatorios en Investigaci\u00f3n Social - CEATSO","robots":{"index":"index","follow":"follow","max-snippet":"max-snippet:-1","max-image-preview":"max-image-preview:large","max-video-preview":"max-video-preview:-1"},"canonical":"https:\/\/ceatso.com\/es\/observatorios-2\/","og_locale":"es_ES","og_type":"article","og_title":"Observatorios en Investigaci\u00f3n Social - CEATSO","og_url":"https:\/\/ceatso.com\/es\/observatorios-2\/","og_site_name":"CEATSO","article_modified_time":"2019-05-23T16:13:26+00:00","twitter_card":"summary_large_image","twitter_misc":{"Tiempo de lectura":"2 minutos"},"schema":{"@context":"https:\/\/schema.org","@graph":[{"@type":"WebPage","@id":"https:\/\/ceatso.com\/observatorios-2\/","url":"https:\/\/ceatso.com\/observatorios-2\/","name":"Observatorios en Investigaci\u00f3n Social - CEATSO","isPartOf":{"@id":"https:\/\/ceatso.com\/#website"},"datePublished":"2019-05-06T00:15:38+00:00","dateModified":"2019-05-23T16:13:26+00:00","breadcrumb":{"@id":"https:\/\/ceatso.com\/observatorios-2\/#breadcrumb"},"inLanguage":"es","potentialAction":[{"@type":"ReadAction","target":["https:\/\/ceatso.com\/observatorios-2\/"]}]},{"@type":"BreadcrumbList","@id":"https:\/\/ceatso.com\/observatorios-2\/#breadcrumb","itemListElement":[{"@type":"ListItem","position":1,"name":"Portada","item":"https:\/\/ceatso.com\/"},{"@type":"ListItem","position":2,"name":"Observatorios en Investigaci\u00f3n Social"}]},{"@type":"WebSite","@id":"https:\/\/ceatso.com\/#website","url":"https:\/\/ceatso.com\/","name":"CEATSO","description":"Corporacion de Estudios Avanzados en Trabajo Social","publisher":{"@id":"https:\/\/ceatso.com\/#organization"},"potentialAction":[{"@type":"SearchAction","target":{"@type":"EntryPoint","urlTemplate":"https:\/\/ceatso.com\/?s={search_term_string}"},"query-input":{"@type":"PropertyValueSpecification","valueRequired":true,"valueName":"search_term_string"}}],"inLanguage":"es"},{"@type":"Organization","@id":"https:\/\/ceatso.com\/#organization","name":"Corporaci\u00f3n de Estudios Avanzados En Trabajo Social | CEATSO","url":"https:\/\/ceatso.com\/","logo":{"@type":"ImageObject","inLanguage":"es","@id":"https:\/\/ceatso.com\/#\/schema\/logo\/image\/","url":"https:\/\/ceatso.com\/wp-content\/uploads\/2019\/05\/Logro-Negro.png","contentUrl":"https:\/\/ceatso.com\/wp-content\/uploads\/2019\/05\/Logro-Negro.png","width":569,"height":164,"caption":"Corporaci\u00f3n de Estudios Avanzados En Trabajo Social | CEATSO"},"image":{"@id":"https:\/\/ceatso.com\/#\/schema\/logo\/image\/"}}]}},"_links":{"self":[{"href":"https:\/\/ceatso.com\/es\/wp-json\/wp\/v2\/pages\/11602","targetHints":{"allow":["GET"]}}],"collection":[{"href":"https:\/\/ceatso.com\/es\/wp-json\/wp\/v2\/pages"}],"about":[{"href":"https:\/\/ceatso.com\/es\/wp-json\/wp\/v2\/types\/page"}],"author":[{"embeddable":true,"href":"https:\/\/ceatso.com\/es\/wp-json\/wp\/v2\/users\/1"}],"replies":[{"embeddable":true,"href":"https:\/\/ceatso.com\/es\/wp-json\/wp\/v2\/comments?post=11602"}],"version-history":[{"count":7,"href":"https:\/\/ceatso.com\/es\/wp-json\/wp\/v2\/pages\/11602\/revisions"}],"predecessor-version":[{"id":11871,"href":"https:\/\/ceatso.com\/es\/wp-json\/wp\/v2\/pages\/11602\/revisions\/11871"}],"wp:attachment":[{"href":"https:\/\/ceatso.com\/es\/wp-json\/wp\/v2\/media?parent=11602"}],"curies":[{"name":"wp","href":"https:\/\/api.w.org\/{rel}","templated":true}]}}