{"id":11770,"date":"2019-05-15T01:11:40","date_gmt":"2019-05-15T01:11:40","guid":{"rendered":"https:\/\/ceatso.com\/?post_type=product&#038;p=11770"},"modified":"2019-05-27T23:17:54","modified_gmt":"2019-05-27T23:17:54","slug":"vulnerabilidad-y-exclusion-social","status":"publish","type":"product","link":"https:\/\/ceatso.com\/es\/producto\/vulnerabilidad-y-exclusion-social\/","title":{"rendered":"Vulnerabilidad y Exclusi\u00f3n Social"},"content":{"rendered":"<p><strong>Para comprar el Libro Digital <a href=\"https:\/\/www.universilibros.com\/temas\/ciencias-sociales-y-humanas\/trabajo-social\/vulnerabilidad-y-exclusion-social\">click\u00a0<\/a><\/strong><span style=\"color: #0000ee;\"><b><u>aqu\u00ed<\/u><\/b><\/span><\/p>\n<h4><strong>\u00bfEstas en Chile y deseas el Libro en f\u00edsico?\u00a0<\/strong><\/h4>\n<p>Contactanos a trav\u00e9s de nuestra p\u00e1gina haciendo <a href=\"\/es\/contacto\/\">click aqu\u00ed<\/a><\/p>\n<p><b>Valor del Libro F\u00edsico $20.000 CLP + Gastos de env\u00edo\u00a0<\/b><\/p>","protected":false},"excerpt":{"rendered":"<p>Para comprar el Libro Digital click\u00a0aqu\u00ed \u00bfEstas en Chile y deseas el Libro en f\u00edsico?\u00a0 Contactanos a trav\u00e9s de nuestra p\u00e1gina haciendo click aqu\u00ed Valor del Libro F\u00edsico $20.000 CLP + Gastos de env\u00edo\u00a0<\/p>","protected":false},"featured_media":11366,"template":"","meta":{"_bbp_topic_count":0,"_bbp_reply_count":0,"_bbp_total_topic_count":0,"_bbp_total_reply_count":0,"_bbp_voice_count":0,"_bbp_anonymous_reply_count":0,"_bbp_topic_count_hidden":0,"_bbp_reply_count_hidden":0,"_bbp_forum_subforum_count":0,"pmpro_default_level":""},"product_brand":[],"product_cat":[6528],"product_tag":[],"class_list":{"0":"post-11770","1":"product","2":"type-product","3":"status-publish","4":"has-post-thumbnail","6":"product_cat-libros","7":"pmpro-has-access","9":"first","10":"instock","11":"downloadable","12":"shipping-taxable","13":"product-type-simple"},"yoast_head":"<!-- This site is optimized with the Yoast SEO plugin v25.3 - https:\/\/yoast.com\/wordpress\/plugins\/seo\/ -->\n<title>Vulnerabilidad y Exclusi\u00f3n Social - CEATSO<\/title>\n<meta name=\"robots\" content=\"index, follow, max-snippet:-1, max-image-preview:large, max-video-preview:-1\" \/>\n<link rel=\"canonical\" href=\"https:\/\/ceatso.com\/es\/producto\/vulnerabilidad-y-exclusion-social\/\" \/>\n<meta property=\"og:locale\" content=\"es_ES\" \/>\n<meta property=\"og:type\" content=\"article\" \/>\n<meta property=\"og:title\" content=\"Vulnerabilidad y Exclusi\u00f3n Social - CEATSO\" \/>\n<meta property=\"og:description\" content=\"Para comprar el Libro Digital click\u00a0aqu\u00ed \u00bfEstas en Chile y deseas el Libro en f\u00edsico?\u00a0 Contactanos a trav\u00e9s de nuestra p\u00e1gina haciendo click aqu\u00ed Valor del Libro F\u00edsico $20.000 CLP + Gastos de env\u00edo\u00a0\" \/>\n<meta property=\"og:url\" content=\"https:\/\/ceatso.com\/es\/producto\/vulnerabilidad-y-exclusion-social\/\" \/>\n<meta property=\"og:site_name\" content=\"CEATSO\" \/>\n<meta property=\"article:modified_time\" content=\"2019-05-27T23:17:54+00:00\" \/>\n<meta property=\"og:image\" content=\"https:\/\/ceatso.com\/wp-content\/uploads\/2019\/05\/Libro-1.jpg\" \/>\n\t<meta property=\"og:image:width\" content=\"252\" \/>\n\t<meta property=\"og:image:height\" content=\"359\" \/>\n\t<meta property=\"og:image:type\" content=\"image\/jpeg\" \/>\n<meta name=\"twitter:card\" content=\"summary_large_image\" \/>\n<script type=\"application\/ld+json\" class=\"yoast-schema-graph\">{\"@context\":\"https:\/\/schema.org\",\"@graph\":[{\"@type\":\"WebPage\",\"@id\":\"https:\/\/ceatso.com\/producto\/vulnerabilidad-y-exclusion-social\/\",\"url\":\"https:\/\/ceatso.com\/producto\/vulnerabilidad-y-exclusion-social\/\",\"name\":\"Vulnerabilidad y Exclusi\u00f3n Social - CEATSO\",\"isPartOf\":{\"@id\":\"https:\/\/ceatso.com\/#website\"},\"primaryImageOfPage\":{\"@id\":\"https:\/\/ceatso.com\/producto\/vulnerabilidad-y-exclusion-social\/#primaryimage\"},\"image\":{\"@id\":\"https:\/\/ceatso.com\/producto\/vulnerabilidad-y-exclusion-social\/#primaryimage\"},\"thumbnailUrl\":\"https:\/\/ceatso.com\/wp-content\/uploads\/2019\/05\/Libro-1.jpg\",\"datePublished\":\"2019-05-15T01:11:40+00:00\",\"dateModified\":\"2019-05-27T23:17:54+00:00\",\"breadcrumb\":{\"@id\":\"https:\/\/ceatso.com\/producto\/vulnerabilidad-y-exclusion-social\/#breadcrumb\"},\"inLanguage\":\"es\",\"potentialAction\":[{\"@type\":\"ReadAction\",\"target\":[\"https:\/\/ceatso.com\/producto\/vulnerabilidad-y-exclusion-social\/\"]}]},{\"@type\":\"ImageObject\",\"inLanguage\":\"es\",\"@id\":\"https:\/\/ceatso.com\/producto\/vulnerabilidad-y-exclusion-social\/#primaryimage\",\"url\":\"https:\/\/ceatso.com\/wp-content\/uploads\/2019\/05\/Libro-1.jpg\",\"contentUrl\":\"https:\/\/ceatso.com\/wp-content\/uploads\/2019\/05\/Libro-1.jpg\",\"width\":252,\"height\":359},{\"@type\":\"BreadcrumbList\",\"@id\":\"https:\/\/ceatso.com\/producto\/vulnerabilidad-y-exclusion-social\/#breadcrumb\",\"itemListElement\":[{\"@type\":\"ListItem\",\"position\":1,\"name\":\"Portada\",\"item\":\"https:\/\/ceatso.com\/\"},{\"@type\":\"ListItem\",\"position\":2,\"name\":\"Tienda\",\"item\":\"https:\/\/ceatso.com\/tienda\/\"},{\"@type\":\"ListItem\",\"position\":3,\"name\":\"Vulnerabilidad y Exclusi\u00f3n Social\"}]},{\"@type\":\"WebSite\",\"@id\":\"https:\/\/ceatso.com\/#website\",\"url\":\"https:\/\/ceatso.com\/\",\"name\":\"CEATSO\",\"description\":\"Corporacion de Estudios Avanzados en Trabajo Social\",\"publisher\":{\"@id\":\"https:\/\/ceatso.com\/#organization\"},\"potentialAction\":[{\"@type\":\"SearchAction\",\"target\":{\"@type\":\"EntryPoint\",\"urlTemplate\":\"https:\/\/ceatso.com\/?s={search_term_string}\"},\"query-input\":{\"@type\":\"PropertyValueSpecification\",\"valueRequired\":true,\"valueName\":\"search_term_string\"}}],\"inLanguage\":\"es\"},{\"@type\":\"Organization\",\"@id\":\"https:\/\/ceatso.com\/#organization\",\"name\":\"Corporaci\u00f3n de Estudios Avanzados En Trabajo Social | CEATSO\",\"url\":\"https:\/\/ceatso.com\/\",\"logo\":{\"@type\":\"ImageObject\",\"inLanguage\":\"es\",\"@id\":\"https:\/\/ceatso.com\/#\/schema\/logo\/image\/\",\"url\":\"https:\/\/ceatso.com\/wp-content\/uploads\/2019\/05\/Logro-Negro.png\",\"contentUrl\":\"https:\/\/ceatso.com\/wp-content\/uploads\/2019\/05\/Logro-Negro.png\",\"width\":569,\"height\":164,\"caption\":\"Corporaci\u00f3n de Estudios Avanzados En Trabajo Social | CEATSO\"},\"image\":{\"@id\":\"https:\/\/ceatso.com\/#\/schema\/logo\/image\/\"}}]}<\/script>\n<!-- \/ Yoast SEO plugin. -->","yoast_head_json":{"title":"Vulnerabilidad y Exclusi\u00f3n Social - CEATSO","robots":{"index":"index","follow":"follow","max-snippet":"max-snippet:-1","max-image-preview":"max-image-preview:large","max-video-preview":"max-video-preview:-1"},"canonical":"https:\/\/ceatso.com\/es\/producto\/vulnerabilidad-y-exclusion-social\/","og_locale":"es_ES","og_type":"article","og_title":"Vulnerabilidad y Exclusi\u00f3n Social - CEATSO","og_description":"Para comprar el Libro Digital click\u00a0aqu\u00ed \u00bfEstas en Chile y deseas el Libro en f\u00edsico?\u00a0 Contactanos a trav\u00e9s de nuestra p\u00e1gina haciendo click aqu\u00ed Valor del Libro F\u00edsico $20.000 CLP + Gastos de env\u00edo\u00a0","og_url":"https:\/\/ceatso.com\/es\/producto\/vulnerabilidad-y-exclusion-social\/","og_site_name":"CEATSO","article_modified_time":"2019-05-27T23:17:54+00:00","og_image":[{"width":252,"height":359,"url":"https:\/\/ceatso.com\/wp-content\/uploads\/2019\/05\/Libro-1.jpg","type":"image\/jpeg"}],"twitter_card":"summary_large_image","schema":{"@context":"https:\/\/schema.org","@graph":[{"@type":"WebPage","@id":"https:\/\/ceatso.com\/producto\/vulnerabilidad-y-exclusion-social\/","url":"https:\/\/ceatso.com\/producto\/vulnerabilidad-y-exclusion-social\/","name":"Vulnerabilidad y Exclusi\u00f3n Social - CEATSO","isPartOf":{"@id":"https:\/\/ceatso.com\/#website"},"primaryImageOfPage":{"@id":"https:\/\/ceatso.com\/producto\/vulnerabilidad-y-exclusion-social\/#primaryimage"},"image":{"@id":"https:\/\/ceatso.com\/producto\/vulnerabilidad-y-exclusion-social\/#primaryimage"},"thumbnailUrl":"https:\/\/ceatso.com\/wp-content\/uploads\/2019\/05\/Libro-1.jpg","datePublished":"2019-05-15T01:11:40+00:00","dateModified":"2019-05-27T23:17:54+00:00","breadcrumb":{"@id":"https:\/\/ceatso.com\/producto\/vulnerabilidad-y-exclusion-social\/#breadcrumb"},"inLanguage":"es","potentialAction":[{"@type":"ReadAction","target":["https:\/\/ceatso.com\/producto\/vulnerabilidad-y-exclusion-social\/"]}]},{"@type":"ImageObject","inLanguage":"es","@id":"https:\/\/ceatso.com\/producto\/vulnerabilidad-y-exclusion-social\/#primaryimage","url":"https:\/\/ceatso.com\/wp-content\/uploads\/2019\/05\/Libro-1.jpg","contentUrl":"https:\/\/ceatso.com\/wp-content\/uploads\/2019\/05\/Libro-1.jpg","width":252,"height":359},{"@type":"BreadcrumbList","@id":"https:\/\/ceatso.com\/producto\/vulnerabilidad-y-exclusion-social\/#breadcrumb","itemListElement":[{"@type":"ListItem","position":1,"name":"Portada","item":"https:\/\/ceatso.com\/"},{"@type":"ListItem","position":2,"name":"Tienda","item":"https:\/\/ceatso.com\/tienda\/"},{"@type":"ListItem","position":3,"name":"Vulnerabilidad y Exclusi\u00f3n Social"}]},{"@type":"WebSite","@id":"https:\/\/ceatso.com\/#website","url":"https:\/\/ceatso.com\/","name":"CEATSO","description":"Corporacion de Estudios Avanzados en Trabajo Social","publisher":{"@id":"https:\/\/ceatso.com\/#organization"},"potentialAction":[{"@type":"SearchAction","target":{"@type":"EntryPoint","urlTemplate":"https:\/\/ceatso.com\/?s={search_term_string}"},"query-input":{"@type":"PropertyValueSpecification","valueRequired":true,"valueName":"search_term_string"}}],"inLanguage":"es"},{"@type":"Organization","@id":"https:\/\/ceatso.com\/#organization","name":"Corporaci\u00f3n de Estudios Avanzados En Trabajo Social | CEATSO","url":"https:\/\/ceatso.com\/","logo":{"@type":"ImageObject","inLanguage":"es","@id":"https:\/\/ceatso.com\/#\/schema\/logo\/image\/","url":"https:\/\/ceatso.com\/wp-content\/uploads\/2019\/05\/Logro-Negro.png","contentUrl":"https:\/\/ceatso.com\/wp-content\/uploads\/2019\/05\/Logro-Negro.png","width":569,"height":164,"caption":"Corporaci\u00f3n de Estudios Avanzados En Trabajo Social | CEATSO"},"image":{"@id":"https:\/\/ceatso.com\/#\/schema\/logo\/image\/"}}]}},"_links":{"self":[{"href":"https:\/\/ceatso.com\/es\/wp-json\/wp\/v2\/product\/11770","targetHints":{"allow":["GET"]}}],"collection":[{"href":"https:\/\/ceatso.com\/es\/wp-json\/wp\/v2\/product"}],"about":[{"href":"https:\/\/ceatso.com\/es\/wp-json\/wp\/v2\/types\/product"}],"wp:featuredmedia":[{"embeddable":true,"href":"https:\/\/ceatso.com\/es\/wp-json\/wp\/v2\/media\/11366"}],"wp:attachment":[{"href":"https:\/\/ceatso.com\/es\/wp-json\/wp\/v2\/media?parent=11770"}],"wp:term":[{"taxonomy":"product_brand","embeddable":true,"href":"https:\/\/ceatso.com\/es\/wp-json\/wp\/v2\/product_brand?post=11770"},{"taxonomy":"product_cat","embeddable":true,"href":"https:\/\/ceatso.com\/es\/wp-json\/wp\/v2\/product_cat?post=11770"},{"taxonomy":"product_tag","embeddable":true,"href":"https:\/\/ceatso.com\/es\/wp-json\/wp\/v2\/product_tag?post=11770"}],"curies":[{"name":"wp","href":"https:\/\/api.w.org\/{rel}","templated":true}]}}