{"id":14822,"date":"2021-10-09T14:40:40","date_gmt":"2021-10-09T14:40:40","guid":{"rendered":"https:\/\/ceatso.com\/?post_type=product&#038;p=14822"},"modified":"2021-10-25T22:01:32","modified_gmt":"2021-10-25T22:01:32","slug":"un-modelo-en-crisis-cual-participacion","status":"publish","type":"product","link":"https:\/\/ceatso.com\/es\/producto\/un-modelo-en-crisis-cual-participacion\/","title":{"rendered":"Un Modelo en Crisis \u00bfCu\u00e1l Participaci\u00f3n?"},"content":{"rendered":"<h4><strong>Libro Completo en Formato Digital\u00a0<\/strong><\/h4>","protected":false},"excerpt":{"rendered":"<h4>Descarga Gratis<span style=\"color: #ff8254;\"> <a style=\"color: #ff8254;\" href=\"https:\/\/ceatso.com\/wp-content\/uploads\/2021\/10\/Libro-corregido-14x21.pdf\" target=\"_blank\" rel=\"noopener\">ac\u00e1<\/a><\/span><\/h4>","protected":false},"featured_media":14823,"template":"","meta":{"_bbp_topic_count":0,"_bbp_reply_count":0,"_bbp_total_topic_count":0,"_bbp_total_reply_count":0,"_bbp_voice_count":0,"_bbp_anonymous_reply_count":0,"_bbp_topic_count_hidden":0,"_bbp_reply_count_hidden":0,"_bbp_forum_subforum_count":0,"pmpro_default_level":""},"product_brand":[],"product_cat":[6528],"product_tag":[],"class_list":{"0":"post-14822","1":"product","2":"type-product","3":"status-publish","4":"has-post-thumbnail","6":"product_cat-libros","7":"pmpro-has-access","9":"first","10":"instock","11":"downloadable","12":"virtual","13":"purchasable","14":"product-type-simple"},"yoast_head":"<!-- This site is optimized with the Yoast SEO plugin v25.3 - https:\/\/yoast.com\/wordpress\/plugins\/seo\/ -->\n<title>Un Modelo en Crisis \u00bfCu\u00e1l Participaci\u00f3n? - CEATSO<\/title>\n<meta name=\"robots\" content=\"index, follow, max-snippet:-1, max-image-preview:large, max-video-preview:-1\" \/>\n<link rel=\"canonical\" href=\"https:\/\/ceatso.com\/es\/producto\/un-modelo-en-crisis-cual-participacion\/\" \/>\n<meta property=\"og:locale\" content=\"es_ES\" \/>\n<meta property=\"og:type\" content=\"article\" \/>\n<meta property=\"og:title\" content=\"Un Modelo en Crisis \u00bfCu\u00e1l Participaci\u00f3n? - CEATSO\" \/>\n<meta property=\"og:description\" content=\"Descarga Gratis ac\u00e1\" \/>\n<meta property=\"og:url\" content=\"https:\/\/ceatso.com\/es\/producto\/un-modelo-en-crisis-cual-participacion\/\" \/>\n<meta property=\"og:site_name\" content=\"CEATSO\" \/>\n<meta property=\"article:modified_time\" content=\"2021-10-25T22:01:32+00:00\" \/>\n<meta property=\"og:image\" content=\"https:\/\/ceatso.com\/wp-content\/uploads\/2021\/10\/Un-modelo-en-Crisis.png\" \/>\n\t<meta property=\"og:image:width\" content=\"430\" \/>\n\t<meta property=\"og:image:height\" content=\"611\" \/>\n\t<meta property=\"og:image:type\" content=\"image\/png\" \/>\n<meta name=\"twitter:card\" content=\"summary_large_image\" \/>\n<script type=\"application\/ld+json\" class=\"yoast-schema-graph\">{\"@context\":\"https:\/\/schema.org\",\"@graph\":[{\"@type\":\"WebPage\",\"@id\":\"https:\/\/ceatso.com\/producto\/un-modelo-en-crisis-cual-participacion\/\",\"url\":\"https:\/\/ceatso.com\/producto\/un-modelo-en-crisis-cual-participacion\/\",\"name\":\"Un Modelo en Crisis \u00bfCu\u00e1l Participaci\u00f3n? - CEATSO\",\"isPartOf\":{\"@id\":\"https:\/\/ceatso.com\/#website\"},\"primaryImageOfPage\":{\"@id\":\"https:\/\/ceatso.com\/producto\/un-modelo-en-crisis-cual-participacion\/#primaryimage\"},\"image\":{\"@id\":\"https:\/\/ceatso.com\/producto\/un-modelo-en-crisis-cual-participacion\/#primaryimage\"},\"thumbnailUrl\":\"https:\/\/ceatso.com\/wp-content\/uploads\/2021\/10\/Un-modelo-en-Crisis.png\",\"datePublished\":\"2021-10-09T14:40:40+00:00\",\"dateModified\":\"2021-10-25T22:01:32+00:00\",\"breadcrumb\":{\"@id\":\"https:\/\/ceatso.com\/producto\/un-modelo-en-crisis-cual-participacion\/#breadcrumb\"},\"inLanguage\":\"es\",\"potentialAction\":[{\"@type\":\"ReadAction\",\"target\":[\"https:\/\/ceatso.com\/producto\/un-modelo-en-crisis-cual-participacion\/\"]}]},{\"@type\":\"ImageObject\",\"inLanguage\":\"es\",\"@id\":\"https:\/\/ceatso.com\/producto\/un-modelo-en-crisis-cual-participacion\/#primaryimage\",\"url\":\"https:\/\/ceatso.com\/wp-content\/uploads\/2021\/10\/Un-modelo-en-Crisis.png\",\"contentUrl\":\"https:\/\/ceatso.com\/wp-content\/uploads\/2021\/10\/Un-modelo-en-Crisis.png\",\"width\":430,\"height\":611},{\"@type\":\"BreadcrumbList\",\"@id\":\"https:\/\/ceatso.com\/producto\/un-modelo-en-crisis-cual-participacion\/#breadcrumb\",\"itemListElement\":[{\"@type\":\"ListItem\",\"position\":1,\"name\":\"Portada\",\"item\":\"https:\/\/ceatso.com\/\"},{\"@type\":\"ListItem\",\"position\":2,\"name\":\"Tienda\",\"item\":\"https:\/\/ceatso.com\/tienda\/\"},{\"@type\":\"ListItem\",\"position\":3,\"name\":\"Un Modelo en Crisis \u00bfCu\u00e1l Participaci\u00f3n?\"}]},{\"@type\":\"WebSite\",\"@id\":\"https:\/\/ceatso.com\/#website\",\"url\":\"https:\/\/ceatso.com\/\",\"name\":\"CEATSO\",\"description\":\"Corporacion de Estudios Avanzados en Trabajo Social\",\"publisher\":{\"@id\":\"https:\/\/ceatso.com\/#organization\"},\"potentialAction\":[{\"@type\":\"SearchAction\",\"target\":{\"@type\":\"EntryPoint\",\"urlTemplate\":\"https:\/\/ceatso.com\/?s={search_term_string}\"},\"query-input\":{\"@type\":\"PropertyValueSpecification\",\"valueRequired\":true,\"valueName\":\"search_term_string\"}}],\"inLanguage\":\"es\"},{\"@type\":\"Organization\",\"@id\":\"https:\/\/ceatso.com\/#organization\",\"name\":\"Corporaci\u00f3n de Estudios Avanzados En Trabajo Social | CEATSO\",\"url\":\"https:\/\/ceatso.com\/\",\"logo\":{\"@type\":\"ImageObject\",\"inLanguage\":\"es\",\"@id\":\"https:\/\/ceatso.com\/#\/schema\/logo\/image\/\",\"url\":\"https:\/\/ceatso.com\/wp-content\/uploads\/2019\/05\/Logro-Negro.png\",\"contentUrl\":\"https:\/\/ceatso.com\/wp-content\/uploads\/2019\/05\/Logro-Negro.png\",\"width\":569,\"height\":164,\"caption\":\"Corporaci\u00f3n de Estudios Avanzados En Trabajo Social | CEATSO\"},\"image\":{\"@id\":\"https:\/\/ceatso.com\/#\/schema\/logo\/image\/\"}}]}<\/script>\n<!-- \/ Yoast SEO plugin. -->","yoast_head_json":{"title":"Un Modelo en Crisis \u00bfCu\u00e1l Participaci\u00f3n? - CEATSO","robots":{"index":"index","follow":"follow","max-snippet":"max-snippet:-1","max-image-preview":"max-image-preview:large","max-video-preview":"max-video-preview:-1"},"canonical":"https:\/\/ceatso.com\/es\/producto\/un-modelo-en-crisis-cual-participacion\/","og_locale":"es_ES","og_type":"article","og_title":"Un Modelo en Crisis \u00bfCu\u00e1l Participaci\u00f3n? - CEATSO","og_description":"Descarga Gratis ac\u00e1","og_url":"https:\/\/ceatso.com\/es\/producto\/un-modelo-en-crisis-cual-participacion\/","og_site_name":"CEATSO","article_modified_time":"2021-10-25T22:01:32+00:00","og_image":[{"width":430,"height":611,"url":"https:\/\/ceatso.com\/wp-content\/uploads\/2021\/10\/Un-modelo-en-Crisis.png","type":"image\/png"}],"twitter_card":"summary_large_image","schema":{"@context":"https:\/\/schema.org","@graph":[{"@type":"WebPage","@id":"https:\/\/ceatso.com\/producto\/un-modelo-en-crisis-cual-participacion\/","url":"https:\/\/ceatso.com\/producto\/un-modelo-en-crisis-cual-participacion\/","name":"Un Modelo en Crisis \u00bfCu\u00e1l Participaci\u00f3n? - CEATSO","isPartOf":{"@id":"https:\/\/ceatso.com\/#website"},"primaryImageOfPage":{"@id":"https:\/\/ceatso.com\/producto\/un-modelo-en-crisis-cual-participacion\/#primaryimage"},"image":{"@id":"https:\/\/ceatso.com\/producto\/un-modelo-en-crisis-cual-participacion\/#primaryimage"},"thumbnailUrl":"https:\/\/ceatso.com\/wp-content\/uploads\/2021\/10\/Un-modelo-en-Crisis.png","datePublished":"2021-10-09T14:40:40+00:00","dateModified":"2021-10-25T22:01:32+00:00","breadcrumb":{"@id":"https:\/\/ceatso.com\/producto\/un-modelo-en-crisis-cual-participacion\/#breadcrumb"},"inLanguage":"es","potentialAction":[{"@type":"ReadAction","target":["https:\/\/ceatso.com\/producto\/un-modelo-en-crisis-cual-participacion\/"]}]},{"@type":"ImageObject","inLanguage":"es","@id":"https:\/\/ceatso.com\/producto\/un-modelo-en-crisis-cual-participacion\/#primaryimage","url":"https:\/\/ceatso.com\/wp-content\/uploads\/2021\/10\/Un-modelo-en-Crisis.png","contentUrl":"https:\/\/ceatso.com\/wp-content\/uploads\/2021\/10\/Un-modelo-en-Crisis.png","width":430,"height":611},{"@type":"BreadcrumbList","@id":"https:\/\/ceatso.com\/producto\/un-modelo-en-crisis-cual-participacion\/#breadcrumb","itemListElement":[{"@type":"ListItem","position":1,"name":"Portada","item":"https:\/\/ceatso.com\/"},{"@type":"ListItem","position":2,"name":"Tienda","item":"https:\/\/ceatso.com\/tienda\/"},{"@type":"ListItem","position":3,"name":"Un Modelo en Crisis \u00bfCu\u00e1l Participaci\u00f3n?"}]},{"@type":"WebSite","@id":"https:\/\/ceatso.com\/#website","url":"https:\/\/ceatso.com\/","name":"CEATSO","description":"Corporacion de Estudios Avanzados en Trabajo Social","publisher":{"@id":"https:\/\/ceatso.com\/#organization"},"potentialAction":[{"@type":"SearchAction","target":{"@type":"EntryPoint","urlTemplate":"https:\/\/ceatso.com\/?s={search_term_string}"},"query-input":{"@type":"PropertyValueSpecification","valueRequired":true,"valueName":"search_term_string"}}],"inLanguage":"es"},{"@type":"Organization","@id":"https:\/\/ceatso.com\/#organization","name":"Corporaci\u00f3n de Estudios Avanzados En Trabajo Social | CEATSO","url":"https:\/\/ceatso.com\/","logo":{"@type":"ImageObject","inLanguage":"es","@id":"https:\/\/ceatso.com\/#\/schema\/logo\/image\/","url":"https:\/\/ceatso.com\/wp-content\/uploads\/2019\/05\/Logro-Negro.png","contentUrl":"https:\/\/ceatso.com\/wp-content\/uploads\/2019\/05\/Logro-Negro.png","width":569,"height":164,"caption":"Corporaci\u00f3n de Estudios Avanzados En Trabajo Social | CEATSO"},"image":{"@id":"https:\/\/ceatso.com\/#\/schema\/logo\/image\/"}}]}},"_links":{"self":[{"href":"https:\/\/ceatso.com\/es\/wp-json\/wp\/v2\/product\/14822","targetHints":{"allow":["GET"]}}],"collection":[{"href":"https:\/\/ceatso.com\/es\/wp-json\/wp\/v2\/product"}],"about":[{"href":"https:\/\/ceatso.com\/es\/wp-json\/wp\/v2\/types\/product"}],"wp:featuredmedia":[{"embeddable":true,"href":"https:\/\/ceatso.com\/es\/wp-json\/wp\/v2\/media\/14823"}],"wp:attachment":[{"href":"https:\/\/ceatso.com\/es\/wp-json\/wp\/v2\/media?parent=14822"}],"wp:term":[{"taxonomy":"product_brand","embeddable":true,"href":"https:\/\/ceatso.com\/es\/wp-json\/wp\/v2\/product_brand?post=14822"},{"taxonomy":"product_cat","embeddable":true,"href":"https:\/\/ceatso.com\/es\/wp-json\/wp\/v2\/product_cat?post=14822"},{"taxonomy":"product_tag","embeddable":true,"href":"https:\/\/ceatso.com\/es\/wp-json\/wp\/v2\/product_tag?post=14822"}],"curies":[{"name":"wp","href":"https:\/\/api.w.org\/{rel}","templated":true}]}}